{"id":9928,"date":"2019-03-22T21:12:09","date_gmt":"2019-03-22T21:12:09","guid":{"rendered":"http:\/\/www.iglesiamontededios.org.do\/deboras\/?page_id=9928"},"modified":"2022-09-28T10:43:18","modified_gmt":"2022-09-28T10:43:18","slug":"libros","status":"publish","type":"page","link":"https:\/\/www.iglesiamontededios.org.do\/deboras\/libros\/","title":{"rendered":"Libros"},"content":{"rendered":"<p>[vc_row][vc_column width=\u00bb1\/3&#8243;][vc_single_image image=\u00bb16990&#8243; img_size=\u00bbfull\u00bb alignment=\u00bbcenter\u00bb][vc_empty_space][vc_custom_heading text=\u00bbEn la Brecha\u00bb font_container=\u00bbtag:h2|text_align:left|color:%237a7a7a\u00bb][vc_column_text]<\/p>\n<p style=\"text-align: left;\"><em><strong>Por la profeta Montserrat Bogaert<\/strong><\/em><\/p>\n<p>[\/vc_column_text][vc_column_text]<\/p>\n<p style=\"text-align: left;\">Este libro contiene una reflexi\u00f3n diaria para que cada d\u00eda te acerques a Su presencia y conozcas m\u00e1s de \u00c9l. Har\u00e1 que tu vida se vuelva dependiente y busques diariamente el consejo, la gu\u00eda y la sabidur\u00eda que recibimos cuando disponemos nuestro coraz\u00f3n a no separarnos de \u00c9l, conforme fue establecido desde el principio de la creaci\u00f3n. Si hacemos esto, caminaremos en bendici\u00f3n, porque Dios no nos quiere lejos de \u00c9l.<\/p>\n<p style=\"text-align: left;\">Cada reflexi\u00f3n escrita en este libro te llevar\u00e1 a una b\u00fasqueda m\u00e1s intensa, estableciendo la oraci\u00f3n como lo primero en tu vida.<\/p>\n<p>[\/vc_column_text][vc_column_text]<\/p>\n<p style=\"text-align: left;\"><strong><em>Disponible en Distribuidora HOREB &#8211; Iglesia Monte de Dios, para mayor informaci\u00f3n llamar al: (809) 381-1281<\/em><\/strong><\/p>\n<p>[\/vc_column_text][vc_empty_space][\/vc_column][vc_column width=\u00bb1\/3&#8243;][vc_single_image image=\u00bb16991&#8243; img_size=\u00bbfull\u00bb alignment=\u00bbcenter\u00bb][vc_empty_space][vc_custom_heading text=\u00bbDevocional<br \/>\nPalabras de Vida\u00bb font_container=\u00bbtag:h2|text_align:left|color:%237a7a7a\u00bb][vc_column_text]<\/p>\n<p style=\"text-align: left;\"><em><strong>Por la profeta Montserrat Bogaert<\/strong><\/em><\/p>\n<p>[\/vc_column_text][vc_column_text]<\/p>\n<p style=\"text-align: left;\">Dios estableci\u00f3 en Su palabra: \u00ab&#8230; todo lo que at\u00e9is en la tierra ser\u00e1 atado en el cielo; y todo lo que desat\u00e9is en la tierra ser\u00e1 desatado en el cielo\u00bb. Cuando oramos con fe, creyendo que \u00c9l es fiel, recibiremos la respuesta de lo que hemos orado. Este libro es una herramienta poderosa que te ense\u00f1ar\u00e1 a orar y no desmayar a mantenerte en la brecha y no permitir que el enemigo avance y destruya el prop\u00f3sito de Dios.<\/p>\n<p>&nbsp;<\/p>\n<p>Cada oraci\u00f3n desarrollar\u00e1 el intercesor que llevas dentro y te mantendr\u00e1 al frente de la batalla hasta tener la victoria.<\/p>\n<p>[\/vc_column_text][vc_column_text]<\/p>\n<p style=\"text-align: left;\"><strong><em>Disponible en Distribuidora HOREB &#8211; Iglesia Monte de Dios, para mayor informaci\u00f3n llamar al: (809) 381-1281<\/em><\/strong><\/p>\n<p>[\/vc_column_text][vc_empty_space][\/vc_column][vc_column width=\u00bb1\/3&#8243;][vc_single_image image=\u00bb16992&#8243; img_size=\u00bbfull\u00bb alignment=\u00bbcenter\u00bb][vc_empty_space][vc_custom_heading text=\u00bbEl intercesor\u00bb font_container=\u00bbtag:h2|text_align:left|color:%237a7a7a\u00bb][vc_column_text]<\/p>\n<p style=\"text-align: left;\"><em><strong>Por la profeta Montserrat Bogaert<\/strong><\/em><\/p>\n<p>[\/vc_column_text][vc_column_text]Jes\u00fas venci\u00f3 al enemigo en la cruz y nos empoder\u00f3 para librar cada batalla conforme al poder de Cristo en nosotros. Si entendemos esto, no habr\u00e1 enemigo que nos intimide, y no pararemos hasta que la voluntad divina sea hecha. Respondamos al llamado del Se\u00f1or con fuerza, poder, valent\u00eda y perseverancia en cada batalla que est\u00e9 ante nuestros ojos; la cual no podemos ignorar porque Su voz clama fuertemente por sus intercesores.<\/p>\n<p>&nbsp;<\/p>\n<p>El intercesor que te dar\u00e1 el conocimiento que necesitas para convertirte en esa guerrera de oraci\u00f3n que no descansar\u00e1 hasta que la justicia de Dios se establezca en toda la tierra.[\/vc_column_text][vc_empty_space][vc_btn title=\u00bbDisponible en L\u00ednea\u00bb style=\u00bbclassic\u00bb color=\u00bbmulled-wine\u00bb link=\u00bburl:https%3A%2F%2Fwww.amazon.com%2Fdp%2FB07P3GS2ZM%2Fref%3Dcm_sw_r_wa_apa_i_WVbJCbEY4WK7G||target:%20_blank|\u00bb][\/vc_column][\/vc_row]<\/p>\n","protected":false},"excerpt":{"rendered":"<p>[vc_row][vc_column width=\u00bb1\/3&#8243;][vc_single_image image=\u00bb16990&#8243; img_size=\u00bbfull\u00bb alignment=\u00bbcenter\u00bb][vc_empty_space][vc_custom_heading text=\u00bbEn la Brecha\u00bb font_container=\u00bbtag:h2|text_align:left|color:%237a7a7a\u00bb][vc_column_text] Por la profeta Montserrat Bogaert [\/vc_column_text][vc_column_text] Este libro contiene una reflexi\u00f3n diaria para que cada d\u00eda te acerques a Su presencia y conozcas m\u00e1s de \u00c9l. Har\u00e1 que tu vida se [&hellip;]<\/p>\n","protected":false},"author":1,"featured_media":0,"parent":0,"menu_order":0,"comment_status":"closed","ping_status":"closed","template":"","meta":[],"yoast_head":"<!-- This site is optimized with the Yoast SEO plugin v19.11 - https:\/\/yoast.com\/wordpress\/plugins\/seo\/ -->\n<title>Libros - D\u00e9boras Edificadoras del Reino<\/title>\n<meta name=\"robots\" content=\"index, follow, max-snippet:-1, max-image-preview:large, max-video-preview:-1\" \/>\n<link rel=\"canonical\" href=\"https:\/\/www.iglesiamontededios.org.do\/deboras\/libros\/\" \/>\n<meta property=\"og:locale\" content=\"es_ES\" \/>\n<meta property=\"og:type\" content=\"article\" \/>\n<meta property=\"og:title\" content=\"Libros - D\u00e9boras Edificadoras del Reino\" \/>\n<meta property=\"og:description\" content=\"[vc_row][vc_column width=\u00bb1\/3&#8243;][vc_single_image image=\u00bb16990&#8243; img_size=\u00bbfull\u00bb alignment=\u00bbcenter\u00bb][vc_empty_space][vc_custom_heading text=\u00bbEn la Brecha\u00bb font_container=\u00bbtag:h2|text_align:left|color:%237a7a7a\u00bb][vc_column_text] Por la profeta Montserrat Bogaert [\/vc_column_text][vc_column_text] Este libro contiene una reflexi\u00f3n diaria para que cada d\u00eda te acerques a Su presencia y conozcas m\u00e1s de \u00c9l. Har\u00e1 que tu vida se [&hellip;]\" \/>\n<meta property=\"og:url\" content=\"https:\/\/www.iglesiamontededios.org.do\/deboras\/libros\/\" \/>\n<meta property=\"og:site_name\" content=\"D\u00e9boras Edificadoras del Reino\" \/>\n<meta property=\"article:publisher\" content=\"https:\/\/www.facebook.com\/PastoresBogaert\" \/>\n<meta property=\"article:modified_time\" content=\"2022-09-28T10:43:18+00:00\" \/>\n<meta name=\"twitter:card\" content=\"summary_large_image\" \/>\n<meta name=\"twitter:site\" content=\"@PastoresBogaert\" \/>\n<meta name=\"twitter:label1\" content=\"Tiempo de lectura\" \/>\n\t<meta name=\"twitter:data1\" content=\"2 minutos\" \/>\n<script type=\"application\/ld+json\" class=\"yoast-schema-graph\">{\"@context\":\"https:\/\/schema.org\",\"@graph\":[{\"@type\":\"WebPage\",\"@id\":\"https:\/\/www.iglesiamontededios.org.do\/deboras\/libros\/\",\"url\":\"https:\/\/www.iglesiamontededios.org.do\/deboras\/libros\/\",\"name\":\"Libros - D\u00e9boras Edificadoras del Reino\",\"isPartOf\":{\"@id\":\"https:\/\/www.iglesiamontededios.org.do\/deboras\/#website\"},\"datePublished\":\"2019-03-22T21:12:09+00:00\",\"dateModified\":\"2022-09-28T10:43:18+00:00\",\"breadcrumb\":{\"@id\":\"https:\/\/www.iglesiamontededios.org.do\/deboras\/libros\/#breadcrumb\"},\"inLanguage\":\"es\",\"potentialAction\":[{\"@type\":\"ReadAction\",\"target\":[\"https:\/\/www.iglesiamontededios.org.do\/deboras\/libros\/\"]}]},{\"@type\":\"BreadcrumbList\",\"@id\":\"https:\/\/www.iglesiamontededios.org.do\/deboras\/libros\/#breadcrumb\",\"itemListElement\":[{\"@type\":\"ListItem\",\"position\":1,\"name\":\"Portada\",\"item\":\"https:\/\/www.iglesiamontededios.org.do\/deboras\/\"},{\"@type\":\"ListItem\",\"position\":2,\"name\":\"Libros\"}]},{\"@type\":\"WebSite\",\"@id\":\"https:\/\/www.iglesiamontededios.org.do\/deboras\/#website\",\"url\":\"https:\/\/www.iglesiamontededios.org.do\/deboras\/\",\"name\":\"D\u00e9boras Edificadoras del Reino\",\"description\":\"D\u00e9boras Iglesia Monte de Dios\",\"publisher\":{\"@id\":\"https:\/\/www.iglesiamontededios.org.do\/deboras\/#organization\"},\"potentialAction\":[{\"@type\":\"SearchAction\",\"target\":{\"@type\":\"EntryPoint\",\"urlTemplate\":\"https:\/\/www.iglesiamontededios.org.do\/deboras\/?s={search_term_string}\"},\"query-input\":\"required name=search_term_string\"}],\"inLanguage\":\"es\"},{\"@type\":\"Organization\",\"@id\":\"https:\/\/www.iglesiamontededios.org.do\/deboras\/#organization\",\"name\":\"Iglesia Monte de Dios\",\"url\":\"https:\/\/www.iglesiamontededios.org.do\/deboras\/\",\"logo\":{\"@type\":\"ImageObject\",\"inLanguage\":\"es\",\"@id\":\"https:\/\/www.iglesiamontededios.org.do\/deboras\/#\/schema\/logo\/image\/\",\"url\":\"https:\/\/www.iglesiamontededios.org.do\/deboras\/wp-content\/uploads\/2018\/12\/Deboras-Logo-2.png\",\"contentUrl\":\"https:\/\/www.iglesiamontededios.org.do\/deboras\/wp-content\/uploads\/2018\/12\/Deboras-Logo-2.png\",\"width\":620,\"height\":174,\"caption\":\"Iglesia Monte de Dios\"},\"image\":{\"@id\":\"https:\/\/www.iglesiamontededios.org.do\/deboras\/#\/schema\/logo\/image\/\"},\"sameAs\":[\"http:\/\/instagram.com\/pastoresbogaert\",\"http:\/\/www.youtube.com\/tvhorebministries\",\"https:\/\/www.facebook.com\/PastoresBogaert\",\"https:\/\/twitter.com\/PastoresBogaert\"]}]}<\/script>\n<!-- \/ Yoast SEO plugin. -->","yoast_head_json":{"title":"Libros - D\u00e9boras Edificadoras del Reino","robots":{"index":"index","follow":"follow","max-snippet":"max-snippet:-1","max-image-preview":"max-image-preview:large","max-video-preview":"max-video-preview:-1"},"canonical":"https:\/\/www.iglesiamontededios.org.do\/deboras\/libros\/","og_locale":"es_ES","og_type":"article","og_title":"Libros - D\u00e9boras Edificadoras del Reino","og_description":"[vc_row][vc_column width=\u00bb1\/3&#8243;][vc_single_image image=\u00bb16990&#8243; img_size=\u00bbfull\u00bb alignment=\u00bbcenter\u00bb][vc_empty_space][vc_custom_heading text=\u00bbEn la Brecha\u00bb font_container=\u00bbtag:h2|text_align:left|color:%237a7a7a\u00bb][vc_column_text] Por la profeta Montserrat Bogaert [\/vc_column_text][vc_column_text] Este libro contiene una reflexi\u00f3n diaria para que cada d\u00eda te acerques a Su presencia y conozcas m\u00e1s de \u00c9l. Har\u00e1 que tu vida se [&hellip;]","og_url":"https:\/\/www.iglesiamontededios.org.do\/deboras\/libros\/","og_site_name":"D\u00e9boras Edificadoras del Reino","article_publisher":"https:\/\/www.facebook.com\/PastoresBogaert","article_modified_time":"2022-09-28T10:43:18+00:00","twitter_card":"summary_large_image","twitter_site":"@PastoresBogaert","twitter_misc":{"Tiempo de lectura":"2 minutos"},"schema":{"@context":"https:\/\/schema.org","@graph":[{"@type":"WebPage","@id":"https:\/\/www.iglesiamontededios.org.do\/deboras\/libros\/","url":"https:\/\/www.iglesiamontededios.org.do\/deboras\/libros\/","name":"Libros - D\u00e9boras Edificadoras del Reino","isPartOf":{"@id":"https:\/\/www.iglesiamontededios.org.do\/deboras\/#website"},"datePublished":"2019-03-22T21:12:09+00:00","dateModified":"2022-09-28T10:43:18+00:00","breadcrumb":{"@id":"https:\/\/www.iglesiamontededios.org.do\/deboras\/libros\/#breadcrumb"},"inLanguage":"es","potentialAction":[{"@type":"ReadAction","target":["https:\/\/www.iglesiamontededios.org.do\/deboras\/libros\/"]}]},{"@type":"BreadcrumbList","@id":"https:\/\/www.iglesiamontededios.org.do\/deboras\/libros\/#breadcrumb","itemListElement":[{"@type":"ListItem","position":1,"name":"Portada","item":"https:\/\/www.iglesiamontededios.org.do\/deboras\/"},{"@type":"ListItem","position":2,"name":"Libros"}]},{"@type":"WebSite","@id":"https:\/\/www.iglesiamontededios.org.do\/deboras\/#website","url":"https:\/\/www.iglesiamontededios.org.do\/deboras\/","name":"D\u00e9boras Edificadoras del Reino","description":"D\u00e9boras Iglesia Monte de Dios","publisher":{"@id":"https:\/\/www.iglesiamontededios.org.do\/deboras\/#organization"},"potentialAction":[{"@type":"SearchAction","target":{"@type":"EntryPoint","urlTemplate":"https:\/\/www.iglesiamontededios.org.do\/deboras\/?s={search_term_string}"},"query-input":"required name=search_term_string"}],"inLanguage":"es"},{"@type":"Organization","@id":"https:\/\/www.iglesiamontededios.org.do\/deboras\/#organization","name":"Iglesia Monte de Dios","url":"https:\/\/www.iglesiamontededios.org.do\/deboras\/","logo":{"@type":"ImageObject","inLanguage":"es","@id":"https:\/\/www.iglesiamontededios.org.do\/deboras\/#\/schema\/logo\/image\/","url":"https:\/\/www.iglesiamontededios.org.do\/deboras\/wp-content\/uploads\/2018\/12\/Deboras-Logo-2.png","contentUrl":"https:\/\/www.iglesiamontededios.org.do\/deboras\/wp-content\/uploads\/2018\/12\/Deboras-Logo-2.png","width":620,"height":174,"caption":"Iglesia Monte de Dios"},"image":{"@id":"https:\/\/www.iglesiamontededios.org.do\/deboras\/#\/schema\/logo\/image\/"},"sameAs":["http:\/\/instagram.com\/pastoresbogaert","http:\/\/www.youtube.com\/tvhorebministries","https:\/\/www.facebook.com\/PastoresBogaert","https:\/\/twitter.com\/PastoresBogaert"]}]}},"_links":{"self":[{"href":"https:\/\/www.iglesiamontededios.org.do\/deboras\/wp-json\/wp\/v2\/pages\/9928"}],"collection":[{"href":"https:\/\/www.iglesiamontededios.org.do\/deboras\/wp-json\/wp\/v2\/pages"}],"about":[{"href":"https:\/\/www.iglesiamontededios.org.do\/deboras\/wp-json\/wp\/v2\/types\/page"}],"author":[{"embeddable":true,"href":"https:\/\/www.iglesiamontededios.org.do\/deboras\/wp-json\/wp\/v2\/users\/1"}],"replies":[{"embeddable":true,"href":"https:\/\/www.iglesiamontededios.org.do\/deboras\/wp-json\/wp\/v2\/comments?post=9928"}],"version-history":[{"count":13,"href":"https:\/\/www.iglesiamontededios.org.do\/deboras\/wp-json\/wp\/v2\/pages\/9928\/revisions"}],"predecessor-version":[{"id":17359,"href":"https:\/\/www.iglesiamontededios.org.do\/deboras\/wp-json\/wp\/v2\/pages\/9928\/revisions\/17359"}],"wp:attachment":[{"href":"https:\/\/www.iglesiamontededios.org.do\/deboras\/wp-json\/wp\/v2\/media?parent=9928"}],"curies":[{"name":"wp","href":"https:\/\/api.w.org\/{rel}","templated":true}]}}